{"id":2232,"date":"2026-03-13T09:01:38","date_gmt":"2026-03-13T12:01:38","guid":{"rendered":"https:\/\/fcepharma.com.br\/?page_id=2232"},"modified":"2026-03-13T10:22:35","modified_gmt":"2026-03-13T13:22:35","slug":"queremos-te-ouvir","status":"publish","type":"page","link":"https:\/\/fcepharma.com.br\/es\/queremos-te-ouvir\/","title":{"rendered":"Queremos te ouvir!"},"content":{"rendered":"<div data-elementor-type=\"wp-page\" data-elementor-id=\"2232\" class=\"elementor elementor-2232\" data-elementor-post-type=\"page\">\n\t\t\t\t<div class=\"elementor-element elementor-element-4cc94df bg-gradient e-flex e-con-boxed e-con e-parent\" data-id=\"4cc94df\" data-element_type=\"container\" data-e-type=\"container\">\n\t\t\t\t\t<div class=\"e-con-inner\">\n\t\t\t\t<div class=\"elementor-element elementor-element-78751a5 elementor-widget elementor-widget-heading\" data-id=\"78751a5\" data-element_type=\"widget\" data-e-type=\"widget\" data-widget_type=\"heading.default\">\n\t\t\t\t<div class=\"elementor-widget-container\">\n\t\t\t\t\t<h1 class=\"elementor-heading-title elementor-size-default\">Queremos te ouvir!<\/h1>\t\t\t\t<\/div>\n\t\t\t\t<\/div>\n\t\t\t\t\t<\/div>\n\t\t\t\t<\/div>\n\t\t<div class=\"elementor-element elementor-element-2a0cb05 e-flex e-con-boxed e-con e-parent\" data-id=\"2a0cb05\" data-element_type=\"container\" data-e-type=\"container\">\n\t\t\t\t\t<div class=\"e-con-inner\">\n\t\t\t\t<div class=\"elementor-element elementor-element-96c4d79 elementor-widget elementor-widget-heading\" data-id=\"96c4d79\" data-element_type=\"widget\" data-e-type=\"widget\" data-widget_type=\"heading.default\">\n\t\t\t\t<div class=\"elementor-widget-container\">\n\t\t\t\t\t<h2 class=\"elementor-heading-title elementor-size-default\">Ajude a construir uma FCE Pharma ainda melhor!<\/h2>\t\t\t\t<\/div>\n\t\t\t\t<\/div>\n\t\t\t\t<div class=\"elementor-element elementor-element-3af85f9 elementor-widget elementor-widget-html\" data-id=\"3af85f9\" data-element_type=\"widget\" data-e-type=\"widget\" data-widget_type=\"html.default\">\n\t\t\t\t<div class=\"elementor-widget-container\">\n\t\t\t\t\t\r\n<!-- SharpSpring Form for Conte\u00fados e Interesses \u2013 FCE Pharma  -->\r\n<script type=\"text\/javascript\">\r\n    var ss_form = {'account': 'MzawMDE3NTEzBgA', 'formID': 'MzW2SDFNSUvTNTRNStE1sUwx17UwNTfTTTE2SUo0tbQ0NUxLBgA'};\r\n    ss_form.width = '100%';\r\n    ss_form.domain = 'app-3QNIUAHXMY.marketingautomation.services';\r\n    \/\/ ss_form.hidden = {'field_id': 'value'}; \/\/ Modify this for sending hidden variables, or overriding values\r\n    \/\/ ss_form.target_id = 'target'; \/\/ Optional parameter: forms will be placed inside the element with the specified id\r\n    \/\/ ss_form.polling = true; \/\/ Optional parameter: set to true ONLY if your page loads dynamically and the id needs to be polled continually.\r\n<\/script>\r\n<script type=\"text\/javascript\" src=\"https:\/\/koi-3QNIUAHXMY.marketingautomation.services\/client\/form.js?ver=2.0.1\"><\/script>\r\n\t\t\t\t<\/div>\n\t\t\t\t<\/div>\n\t\t\t\t\t<\/div>\n\t\t\t\t<\/div>\n\t\t\t\t<\/div>","protected":false},"excerpt":{"rendered":"<p>Queremos te ouvir! Ajude a construir uma FCE Pharma ainda melhor!<\/p>","protected":false},"author":1,"featured_media":0,"parent":0,"menu_order":0,"comment_status":"closed","ping_status":"closed","template":"","meta":{"footnotes":""},"class_list":["post-2232","page","type-page","status-publish","hentry"],"yoast_head":"<!-- This site is optimized with the Yoast SEO plugin v27.4 - https:\/\/yoast.com\/product\/yoast-seo-wordpress\/ -->\n<title>Queremos te ouvir! - FCE Pharma 2026<\/title>\n<meta name=\"robots\" content=\"index, follow, max-snippet:-1, max-image-preview:large, max-video-preview:-1\" \/>\n<link rel=\"canonical\" href=\"https:\/\/fcepharma.com.br\/es\/queremos-te-ouvir\/\" \/>\n<meta property=\"og:locale\" content=\"es_ES\" \/>\n<meta property=\"og:type\" content=\"article\" \/>\n<meta property=\"og:title\" content=\"Queremos te ouvir! - FCE Pharma 2026\" \/>\n<meta property=\"og:description\" content=\"Queremos te ouvir! Ajude a construir uma FCE Pharma ainda melhor!\" \/>\n<meta property=\"og:url\" content=\"https:\/\/fcepharma.com.br\/es\/queremos-te-ouvir\/\" \/>\n<meta property=\"og:site_name\" content=\"FCE Pharma 2026\" \/>\n<meta property=\"article:publisher\" content=\"https:\/\/www.facebook.com\/FCEPharma\" \/>\n<meta property=\"article:modified_time\" content=\"2026-03-13T13:22:35+00:00\" \/>\n<meta name=\"twitter:card\" content=\"summary_large_image\" \/>\n<meta name=\"twitter:label1\" content=\"Tiempo de lectura\" \/>\n\t<meta name=\"twitter:data1\" content=\"1 minuto\" \/>\n<script type=\"application\/ld+json\" class=\"yoast-schema-graph\">{\"@context\":\"https:\\\/\\\/schema.org\",\"@graph\":[{\"@type\":\"WebPage\",\"@id\":\"https:\\\/\\\/fcepharma.com.br\\\/queremos-te-ouvir\\\/\",\"url\":\"https:\\\/\\\/fcepharma.com.br\\\/queremos-te-ouvir\\\/\",\"name\":\"Queremos te ouvir! - FCE Pharma 2026\",\"isPartOf\":{\"@id\":\"https:\\\/\\\/fcepharma.com.br\\\/#website\"},\"datePublished\":\"2026-03-13T12:01:38+00:00\",\"dateModified\":\"2026-03-13T13:22:35+00:00\",\"breadcrumb\":{\"@id\":\"https:\\\/\\\/fcepharma.com.br\\\/queremos-te-ouvir\\\/#breadcrumb\"},\"inLanguage\":\"es\",\"potentialAction\":[{\"@type\":\"ReadAction\",\"target\":[\"https:\\\/\\\/fcepharma.com.br\\\/queremos-te-ouvir\\\/\"]}]},{\"@type\":\"BreadcrumbList\",\"@id\":\"https:\\\/\\\/fcepharma.com.br\\\/queremos-te-ouvir\\\/#breadcrumb\",\"itemListElement\":[{\"@type\":\"ListItem\",\"position\":1,\"name\":\"In\u00edcio\",\"item\":\"https:\\\/\\\/fcepharma.com.br\\\/\"},{\"@type\":\"ListItem\",\"position\":2,\"name\":\"Queremos te ouvir!\"}]},{\"@type\":\"WebSite\",\"@id\":\"https:\\\/\\\/fcepharma.com.br\\\/#website\",\"url\":\"https:\\\/\\\/fcepharma.com.br\\\/\",\"name\":\"FCE Pharma 2025\",\"description\":\"A FCE Pharma promove o encontro que gera neg\u00f3cios por meio de um hub de solu\u00e7\u00f5es para a cadeia da ind\u00fastria farmac\u00eautica.\",\"publisher\":{\"@id\":\"https:\\\/\\\/fcepharma.com.br\\\/#organization\"},\"potentialAction\":[{\"@type\":\"SearchAction\",\"target\":{\"@type\":\"EntryPoint\",\"urlTemplate\":\"https:\\\/\\\/fcepharma.com.br\\\/?s={search_term_string}\"},\"query-input\":{\"@type\":\"PropertyValueSpecification\",\"valueRequired\":true,\"valueName\":\"search_term_string\"}}],\"inLanguage\":\"es\"},{\"@type\":\"Organization\",\"@id\":\"https:\\\/\\\/fcepharma.com.br\\\/#organization\",\"name\":\"FCE Pharma 2025\",\"url\":\"https:\\\/\\\/fcepharma.com.br\\\/\",\"logo\":{\"@type\":\"ImageObject\",\"inLanguage\":\"es\",\"@id\":\"https:\\\/\\\/fcepharma.com.br\\\/#\\\/schema\\\/logo\\\/image\\\/\",\"url\":\"https:\\\/\\\/fcepharma.com.br\\\/wp-content\\\/uploads\\\/2024\\\/12\\\/logo-fce-pharma-horizontal.svg\",\"contentUrl\":\"https:\\\/\\\/fcepharma.com.br\\\/wp-content\\\/uploads\\\/2024\\\/12\\\/logo-fce-pharma-horizontal.svg\",\"width\":575,\"height\":111,\"caption\":\"FCE Pharma 2025\"},\"image\":{\"@id\":\"https:\\\/\\\/fcepharma.com.br\\\/#\\\/schema\\\/logo\\\/image\\\/\"},\"sameAs\":[\"https:\\\/\\\/www.facebook.com\\\/FCEPharma\",\"https:\\\/\\\/www.instagram.com\\\/fcepharmaoficial\\\/\",\"https:\\\/\\\/br.linkedin.com\\\/company\\\/fce-pharma\"]}]}<\/script>\n<!-- \/ Yoast SEO plugin. -->","yoast_head_json":{"title":"Queremos te ouvir! - FCE Pharma 2026","robots":{"index":"index","follow":"follow","max-snippet":"max-snippet:-1","max-image-preview":"max-image-preview:large","max-video-preview":"max-video-preview:-1"},"canonical":"https:\/\/fcepharma.com.br\/es\/queremos-te-ouvir\/","og_locale":"es_ES","og_type":"article","og_title":"Queremos te ouvir! - FCE Pharma 2026","og_description":"Queremos te ouvir! Ajude a construir uma FCE Pharma ainda melhor!","og_url":"https:\/\/fcepharma.com.br\/es\/queremos-te-ouvir\/","og_site_name":"FCE Pharma 2026","article_publisher":"https:\/\/www.facebook.com\/FCEPharma","article_modified_time":"2026-03-13T13:22:35+00:00","twitter_card":"summary_large_image","twitter_misc":{"Tiempo de lectura":"1 minuto"},"schema":{"@context":"https:\/\/schema.org","@graph":[{"@type":"WebPage","@id":"https:\/\/fcepharma.com.br\/queremos-te-ouvir\/","url":"https:\/\/fcepharma.com.br\/queremos-te-ouvir\/","name":"Queremos te ouvir! - FCE Pharma 2026","isPartOf":{"@id":"https:\/\/fcepharma.com.br\/#website"},"datePublished":"2026-03-13T12:01:38+00:00","dateModified":"2026-03-13T13:22:35+00:00","breadcrumb":{"@id":"https:\/\/fcepharma.com.br\/queremos-te-ouvir\/#breadcrumb"},"inLanguage":"es","potentialAction":[{"@type":"ReadAction","target":["https:\/\/fcepharma.com.br\/queremos-te-ouvir\/"]}]},{"@type":"BreadcrumbList","@id":"https:\/\/fcepharma.com.br\/queremos-te-ouvir\/#breadcrumb","itemListElement":[{"@type":"ListItem","position":1,"name":"In\u00edcio","item":"https:\/\/fcepharma.com.br\/"},{"@type":"ListItem","position":2,"name":"Queremos te ouvir!"}]},{"@type":"WebSite","@id":"https:\/\/fcepharma.com.br\/#website","url":"https:\/\/fcepharma.com.br\/","name":"FCE Pharma 2025","description":"A FCE Pharma promove o encontro que gera neg\u00f3cios por meio de um hub de solu\u00e7\u00f5es para a cadeia da ind\u00fastria farmac\u00eautica.","publisher":{"@id":"https:\/\/fcepharma.com.br\/#organization"},"potentialAction":[{"@type":"SearchAction","target":{"@type":"EntryPoint","urlTemplate":"https:\/\/fcepharma.com.br\/?s={search_term_string}"},"query-input":{"@type":"PropertyValueSpecification","valueRequired":true,"valueName":"search_term_string"}}],"inLanguage":"es"},{"@type":"Organization","@id":"https:\/\/fcepharma.com.br\/#organization","name":"FCE Pharma 2025","url":"https:\/\/fcepharma.com.br\/","logo":{"@type":"ImageObject","inLanguage":"es","@id":"https:\/\/fcepharma.com.br\/#\/schema\/logo\/image\/","url":"https:\/\/fcepharma.com.br\/wp-content\/uploads\/2024\/12\/logo-fce-pharma-horizontal.svg","contentUrl":"https:\/\/fcepharma.com.br\/wp-content\/uploads\/2024\/12\/logo-fce-pharma-horizontal.svg","width":575,"height":111,"caption":"FCE Pharma 2025"},"image":{"@id":"https:\/\/fcepharma.com.br\/#\/schema\/logo\/image\/"},"sameAs":["https:\/\/www.facebook.com\/FCEPharma","https:\/\/www.instagram.com\/fcepharmaoficial\/","https:\/\/br.linkedin.com\/company\/fce-pharma"]}]}},"_links":{"self":[{"href":"https:\/\/fcepharma.com.br\/es\/wp-json\/wp\/v2\/pages\/2232","targetHints":{"allow":["GET"]}}],"collection":[{"href":"https:\/\/fcepharma.com.br\/es\/wp-json\/wp\/v2\/pages"}],"about":[{"href":"https:\/\/fcepharma.com.br\/es\/wp-json\/wp\/v2\/types\/page"}],"author":[{"embeddable":true,"href":"https:\/\/fcepharma.com.br\/es\/wp-json\/wp\/v2\/users\/1"}],"replies":[{"embeddable":true,"href":"https:\/\/fcepharma.com.br\/es\/wp-json\/wp\/v2\/comments?post=2232"}],"version-history":[{"count":19,"href":"https:\/\/fcepharma.com.br\/es\/wp-json\/wp\/v2\/pages\/2232\/revisions"}],"predecessor-version":[{"id":2251,"href":"https:\/\/fcepharma.com.br\/es\/wp-json\/wp\/v2\/pages\/2232\/revisions\/2251"}],"wp:attachment":[{"href":"https:\/\/fcepharma.com.br\/es\/wp-json\/wp\/v2\/media?parent=2232"}],"curies":[{"name":"wp","href":"https:\/\/api.w.org\/{rel}","templated":true}]}}